{"id":1035,"date":"2025-06-08T09:33:29","date_gmt":"2025-06-08T09:33:29","guid":{"rendered":"https:\/\/madrugadaturismorural.com\/?page_id=1035"},"modified":"2025-06-20T18:18:21","modified_gmt":"2025-06-20T18:18:21","slug":"condiciones-generales","status":"publish","type":"page","link":"https:\/\/madrugadaturismorural.com\/es\/terms-and-conditions\/","title":{"rendered":"Condiciones generales"},"content":{"rendered":"<style>.elementor-1035 .elementor-element.elementor-element-b797097{--display:flex;--flex-direction:column;--container-widget-width:100%;--container-widget-height:initial;--container-widget-flex-grow:0;--container-widget-align-self:initial;--flex-wrap-mobile:wrap;--overlay-opacity:0.3;--margin-top:-181px;--margin-bottom:0px;--margin-left:0px;--margin-right:0px;--padding-top:300px;--padding-bottom:120px;--padding-left:30px;--padding-right:30px;}.elementor-1035 .elementor-element.elementor-element-b797097:not(.elementor-motion-effects-element-type-background), .elementor-1035 .elementor-element.elementor-element-b797097 > .elementor-motion-effects-container > .elementor-motion-effects-layer{background-image:url(\"https:\/\/madrugadaturismorural.com\/wp-content\/uploads\/2025\/06\/madrugadad-porta.webp\");background-position:center center;background-repeat:no-repeat;background-size:cover;}.elementor-1035 .elementor-element.elementor-element-b797097::before, .elementor-1035 .elementor-element.elementor-element-b797097 > .elementor-background-video-container::before, .elementor-1035 .elementor-element.elementor-element-b797097 > .e-con-inner > .elementor-background-video-container::before, .elementor-1035 .elementor-element.elementor-element-b797097 > .elementor-background-slideshow::before, .elementor-1035 .elementor-element.elementor-element-b797097 > .e-con-inner > .elementor-background-slideshow::before, .elementor-1035 .elementor-element.elementor-element-b797097 > .elementor-motion-effects-container > .elementor-motion-effects-layer::before{--background-overlay:'';background-color:#000000;}.elementor-1035 .elementor-element.elementor-element-4c73cd7{text-align:center;margin:80px 0px calc(var(--kit-widget-spacing, 0px) + 0px) 0px;}.elementor-1035 .elementor-element.elementor-element-4c73cd7 .elementor-heading-title{font-size:65px;text-shadow:0px 3px 0px rgba(0,0,0,0.3);color:#FFFFFF;}.elementor-1035 .elementor-element.elementor-element-95d5f2d .elementor-icon-list-icon i{color:var( --e-global-color-5f808ba );transition:color 0.3s;}.elementor-1035 .elementor-element.elementor-element-95d5f2d .elementor-icon-list-icon svg{fill:var( --e-global-color-5f808ba );transition:fill 0.3s;}.elementor-1035 .elementor-element.elementor-element-95d5f2d{--e-icon-list-icon-size:14px;--e-icon-list-icon-align:center;--e-icon-list-icon-margin:0 calc(var(--e-icon-list-icon-size, 1em) * 0.125);--icon-vertical-align:center;--icon-vertical-offset:0px;margin:10px 0px calc(var(--kit-widget-spacing, 0px) + 0px) 0px;}.elementor-1035 .elementor-element.elementor-element-95d5f2d .elementor-icon-list-icon{padding-inline-end:5px;}.elementor-1035 .elementor-element.elementor-element-95d5f2d .elementor-icon-list-item > .elementor-icon-list-text, .elementor-1035 .elementor-element.elementor-element-95d5f2d .elementor-icon-list-item > a{font-family:var( --e-global-typography-ed4188d-font-family ), Sans-serif;font-size:var( --e-global-typography-ed4188d-font-size );font-weight:var( --e-global-typography-ed4188d-font-weight );text-transform:var( --e-global-typography-ed4188d-text-transform );text-decoration:var( --e-global-typography-ed4188d-text-decoration );line-height:var( --e-global-typography-ed4188d-line-height );letter-spacing:var( --e-global-typography-ed4188d-letter-spacing );word-spacing:var( --e-global-typography-ed4188d-word-spacing );}.elementor-1035 .elementor-element.elementor-element-95d5f2d .elementor-icon-list-text{text-shadow:0px 3px 0px rgba(0,0,0,0.3);color:var( --e-global-color-5f808ba );transition:color 0.3s;}.elementor-1035 .elementor-element.elementor-element-6f0477a{--display:flex;--flex-direction:column;--container-widget-width:100%;--container-widget-height:initial;--container-widget-flex-grow:0;--container-widget-align-self:initial;--flex-wrap-mobile:wrap;--margin-top:100px;--margin-bottom:0px;--margin-left:0px;--margin-right:0px;}.elementor-1035 .elementor-element.elementor-element-f2c41b1 .elementor-heading-title{font-size:50px;}.elementor-1035 .elementor-element.elementor-element-b2d5809{--display:flex;--flex-direction:column;--container-widget-width:100%;--container-widget-height:initial;--container-widget-flex-grow:0;--container-widget-align-self:initial;--flex-wrap-mobile:wrap;--margin-top:30px;--margin-bottom:0px;--margin-left:0px;--margin-right:0px;}.elementor-1035 .elementor-element.elementor-element-5cd3853{font-size:18px;}@media(min-width:1025px){.elementor-1035 .elementor-element.elementor-element-b797097:not(.elementor-motion-effects-element-type-background), .elementor-1035 .elementor-element.elementor-element-b797097 > .elementor-motion-effects-container > .elementor-motion-effects-layer{background-attachment:fixed;}}@media(max-width:1024px){.elementor-1035 .elementor-element.elementor-element-95d5f2d .elementor-icon-list-item > .elementor-icon-list-text, .elementor-1035 .elementor-element.elementor-element-95d5f2d .elementor-icon-list-item > a{font-size:var( --e-global-typography-ed4188d-font-size );line-height:var( --e-global-typography-ed4188d-line-height );letter-spacing:var( --e-global-typography-ed4188d-letter-spacing );word-spacing:var( --e-global-typography-ed4188d-word-spacing );}}@media(max-width:767px){.elementor-1035 .elementor-element.elementor-element-95d5f2d .elementor-icon-list-item > .elementor-icon-list-text, .elementor-1035 .elementor-element.elementor-element-95d5f2d .elementor-icon-list-item > a{font-size:var( --e-global-typography-ed4188d-font-size );line-height:var( --e-global-typography-ed4188d-line-height );letter-spacing:var( --e-global-typography-ed4188d-letter-spacing );word-spacing:var( --e-global-typography-ed4188d-word-spacing );}}<\/style>\t\t<div data-elementor-type=\"wp-page\" data-elementor-id=\"1035\" class=\"elementor elementor-1035\">\n\t\t\t\t<div class=\"elementor-element elementor-element-b797097 e-flex e-con-boxed e-con e-parent\" data-id=\"b797097\" data-element_type=\"container\" data-e-type=\"container\" data-settings=\"{&quot;background_background&quot;:&quot;classic&quot;}\">\n\t\t\t\t\t<div class=\"e-con-inner\">\n\t\t\t\t<div class=\"elementor-element elementor-element-4c73cd7 elementor-widget elementor-widget-heading\" data-id=\"4c73cd7\" data-element_type=\"widget\" data-e-type=\"widget\" data-widget_type=\"heading.default\">\n\t\t\t\t\t<h1 class=\"elementor-heading-title elementor-size-default\">Condiciones generales<\/h1>\t\t\t\t<\/div>\n\t\t\t\t<div class=\"elementor-element elementor-element-95d5f2d elementor-icon-list--layout-inline elementor-align-center elementor-list-item-link-full_width elementor-widget elementor-widget-icon-list\" data-id=\"95d5f2d\" data-element_type=\"widget\" data-e-type=\"widget\" data-widget_type=\"icon-list.default\">\n\t\t\t\t\t\t\t<ul class=\"elementor-icon-list-items elementor-inline-items\">\n\t\t\t\t\t\t\t<li class=\"elementor-icon-list-item elementor-inline-item\">\n\t\t\t\t\t\t\t\t\t\t\t<a href=\"https:\/\/madrugadaturismorural.com\/es\/\">\n\n\t\t\t\t\t\t\t\t\t\t\t<span class=\"elementor-icon-list-text\">Inicio<\/span>\n\t\t\t\t\t\t\t\t\t\t\t<\/a>\n\t\t\t\t\t\t\t\t\t<\/li>\n\t\t\t\t\t\t\t\t<li class=\"elementor-icon-list-item elementor-inline-item\">\n\t\t\t\t\t\t\t\t\t\t\t<span class=\"elementor-icon-list-icon\">\n\t\t\t\t\t\t\t<svg aria-hidden=\"true\" class=\"e-font-icon-svg e-fas-chevron-right\" viewbox=\"0 0 320 512\" xmlns=\"http:\/\/www.w3.org\/2000\/svg\"><path d=\"M285.476 272.971L91.132 467.314c-9.373 9.373-24.569 9.373-33.941 0l-22.667-22.667c-9.357-9.357-9.375-24.522-.04-33.901L188.505 256 34.484 101.255c-9.335-9.379-9.317-24.544.04-33.901l22.667-22.667c9.373-9.373 24.569-9.373 33.941 0L285.475 239.03c9.373 9.372 9.373 24.568.001 33.941z\"><\/path><\/svg>\t\t\t\t\t\t<\/span>\n\t\t\t\t\t\t\t\t\t\t<span class=\"elementor-icon-list-text\">Condiciones generales<\/span>\n\t\t\t\t\t\t\t\t\t<\/li>\n\t\t\t\t\t\t<\/ul>\n\t\t\t\t\t\t<\/div>\n\t\t\t\t\t<\/div>\n\t\t\t\t<\/div>\n\t\t<div class=\"elementor-element elementor-element-6f0477a e-flex e-con-boxed e-con e-parent\" data-id=\"6f0477a\" data-element_type=\"container\" data-e-type=\"container\">\n\t\t\t\t\t<div class=\"e-con-inner\">\n\t\t\t\t<div class=\"elementor-element elementor-element-f2c41b1 elementor-widget elementor-widget-heading\" data-id=\"f2c41b1\" data-element_type=\"widget\" data-e-type=\"widget\" data-widget_type=\"heading.default\">\n\t\t\t\t\t<h2 class=\"elementor-heading-title elementor-size-default\">Condiciones generales<\/h2>\t\t\t\t<\/div>\n\t\t\t\t\t<\/div>\n\t\t\t\t<\/div>\n\t\t<div class=\"elementor-element elementor-element-b2d5809 e-flex e-con-boxed e-con e-parent\" data-id=\"b2d5809\" data-element_type=\"container\" data-e-type=\"container\">\n\t\t\t\t\t<div class=\"e-con-inner\">\n\t\t\t\t<div class=\"elementor-element elementor-element-5cd3853 elementor-widget elementor-widget-text-editor\" data-id=\"5cd3853\" data-element_type=\"widget\" data-e-type=\"widget\" data-widget_type=\"text-editor.default\">\n\t\t\t\t\t\t\t\t\t<p data-start=\"257\" data-end=\"422\"><strong data-start=\"257\" data-end=\"288\">Bienvenido a Madrugada \u00c9vora.<\/strong> Lea atentamente nuestras condiciones antes de hacer una reserva. Al utilizar nuestros servicios, acepta las siguientes condiciones:<\/p><h4 data-start=\"424\" data-end=\"451\">1. Reserva y pago<\/h4><ul data-start=\"452\" data-end=\"687\"><li data-start=\"452\" data-end=\"513\"><p data-start=\"454\" data-end=\"513\">Las reservas s\u00f3lo se confirman una vez efectuado el pago.<\/p><\/li><li data-start=\"514\" data-end=\"572\"><p data-start=\"516\" data-end=\"572\">Aceptamos pagos seguros a trav\u00e9s de <strong data-start=\"546\" data-end=\"556\">Raya<\/strong> y <strong data-start=\"561\" data-end=\"571\">PayPal<\/strong>.<\/p><\/li><li data-start=\"573\" data-end=\"629\"><p data-start=\"575\" data-end=\"629\">Todos los precios incluyen IVA y se indican en euros (\u20ac).<\/p><\/li><li data-start=\"630\" data-end=\"687\"><p data-start=\"632\" data-end=\"687\">Se emitir\u00e1 una factura previa solicitud o en el momento de la salida.<\/p><\/li><\/ul><h4 data-start=\"689\" data-end=\"712\">2. Normas de ocupaci\u00f3n<\/h4><ul data-start=\"713\" data-end=\"923\"><li data-start=\"713\" data-end=\"759\"><p data-start=\"715\" data-end=\"759\">Los precios de las habitaciones se basan en ocupaci\u00f3n est\u00e1ndar.<\/p><\/li><li data-start=\"760\" data-end=\"811\"><p data-start=\"762\" data-end=\"811\"><strong data-start=\"762\" data-end=\"790\">Beb\u00e9s menores de 5 a\u00f1os<\/strong> estancia gratuita.<\/p><\/li><li data-start=\"812\" data-end=\"869\"><p data-start=\"814\" data-end=\"869\"><strong data-start=\"814\" data-end=\"839\">Ni\u00f1os de 6 a 12 a\u00f1os<\/strong> incurrir en un <strong data-start=\"848\" data-end=\"868\">15% suplemento<\/strong>.<\/p><\/li><li data-start=\"870\" data-end=\"923\"><p data-start=\"872\" data-end=\"923\"><strong data-start=\"872\" data-end=\"893\">Adultos adicionales<\/strong> incurrir en un <strong data-start=\"902\" data-end=\"922\">33% suplemento<\/strong>.<\/p><\/li><\/ul><h4 data-start=\"925\" data-end=\"955\">3. Registro de entrada y salida<\/h4><ul data-start=\"956\" data-end=\"1077\"><li data-start=\"956\" data-end=\"979\"><p data-start=\"958\" data-end=\"979\">Entrada: a partir de las 15:00.<\/p><\/li><li data-start=\"980\" data-end=\"1005\"><p data-start=\"982\" data-end=\"1005\">Check-out: hasta las 11:00.<\/p><\/li><li data-start=\"1006\" data-end=\"1077\"><p data-start=\"1008\" data-end=\"1077\">La salida tard\u00eda puede conllevar un suplemento y est\u00e1 sujeta a disponibilidad.<\/p><\/li><\/ul><h4 data-start=\"1079\" data-end=\"1112\">4. Cancelaciones y reembolsos<\/h4><ul data-start=\"1113\" data-end=\"1323\"><li data-start=\"1113\" data-end=\"1187\"><p data-start=\"1115\" data-end=\"1187\">Anulaciones efectuadas hasta el <strong data-start=\"1140\" data-end=\"1165\">7 d\u00edas antes de la llegada<\/strong> son totalmente reembolsables.<\/p><\/li><li data-start=\"1188\" data-end=\"1286\"><p data-start=\"1190\" data-end=\"1286\">Las cancelaciones efectuadas con menos de 7 d\u00edas de antelaci\u00f3n a la llegada se cobrar\u00e1n <strong data-start=\"1257\" data-end=\"1264\">50%<\/strong> del total de la reserva.<\/p><\/li><li data-start=\"1287\" data-end=\"1323\"><p data-start=\"1289\" data-end=\"1323\">Se cobrar\u00e1 a los que no se presenten <strong data-start=\"1314\" data-end=\"1322\">100%<\/strong>.<\/p><\/li><\/ul><h4 data-start=\"1325\" data-end=\"1350\">5. 5. Uso de las instalaciones<\/h4><ul data-start=\"1351\" data-end=\"1495\"><li data-start=\"1351\" data-end=\"1416\"><p data-start=\"1353\" data-end=\"1416\">Los hu\u00e9spedes son responsables de cualquier da\u00f1o causado durante su estancia.<\/p><\/li><li data-start=\"1417\" data-end=\"1452\"><p data-start=\"1419\" data-end=\"1452\">Horario tranquilo: de 22:00 a 08:00.<\/p><\/li><li data-start=\"1453\" data-end=\"1495\"><p data-start=\"1455\" data-end=\"1495\">No est\u00e1 permitido fumar en las habitaciones.<\/p><\/li><\/ul><h4 data-start=\"1497\" data-end=\"1521\">6. Privacidad y datos<\/h4><ul data-start=\"1522\" data-end=\"1693\"><li data-start=\"1522\" data-end=\"1609\"><p data-start=\"1524\" data-end=\"1609\">Recopilamos y tratamos sus datos personales de conformidad con nuestra pol\u00edtica de privacidad. <a class=\"\" href=\"#\" rel=\"noopener\" data-start=\"1589\" data-end=\"1608\">Pol\u00edtica de privacidad<\/a>.<\/p><\/li><li data-start=\"1610\" data-end=\"1693\"><p data-start=\"1612\" data-end=\"1693\">Los datos anal\u00edticos se procesan a trav\u00e9s de <strong data-start=\"1644\" data-end=\"1664\">Google Analytics<\/strong>respetando el cumplimiento del GDPR.<\/p><\/li><\/ul><h4 data-start=\"1695\" data-end=\"1716\">7. Comunicaci\u00f3n<\/h4><ul data-start=\"1717\" data-end=\"1900\"><li data-start=\"1717\" data-end=\"1827\"><p data-start=\"1719\" data-end=\"1827\">Puede ponerse en contacto con nosotros por correo electr\u00f3nico en <strong data-start=\"1750\" data-end=\"1777\"><a class=\"cursor-pointer\" rel=\"noopener\" data-start=\"1752\" data-end=\"1775\">info@madrugadaevora.com<\/a><\/strong> o por WhatsApp o tel\u00e9fono en <strong data-start=\"1806\" data-end=\"1826\">+351 918 784 221<\/strong>.<\/p><\/li><li data-start=\"1828\" data-end=\"1900\"><p data-start=\"1830\" data-end=\"1900\">Para asuntos urgentes durante su estancia, WhatsApp es el m\u00e9todo preferido.<\/p><\/li><\/ul>\t\t\t\t\t\t\t\t<\/div>\n\t\t\t\t\t<\/div>\n\t\t\t\t<\/div>\n\t\t\t\t<\/div>","protected":false},"excerpt":{"rendered":"<p>Terms and Conditions Home Terms and Conditions Terms and Conditions Welcome to Madrugada \u00c9vora. Please read our terms and conditions carefully before making a booking. By using our services, you agree to the following conditions: 1. Booking and Payment Reservations are confirmed only after payment is completed. We accept secure payments via Stripe and PayPal. [&hellip;]<\/p>\n","protected":false},"author":1,"featured_media":0,"parent":0,"menu_order":0,"comment_status":"closed","ping_status":"closed","template":"elementor_header_footer","meta":{"_joinchat":[],"footnotes":""},"class_list":["post-1035","page","type-page","status-publish","hentry"],"_links":{"self":[{"href":"https:\/\/madrugadaturismorural.com\/es\/wp-json\/wp\/v2\/pages\/1035","targetHints":{"allow":["GET"]}}],"collection":[{"href":"https:\/\/madrugadaturismorural.com\/es\/wp-json\/wp\/v2\/pages"}],"about":[{"href":"https:\/\/madrugadaturismorural.com\/es\/wp-json\/wp\/v2\/types\/page"}],"author":[{"embeddable":true,"href":"https:\/\/madrugadaturismorural.com\/es\/wp-json\/wp\/v2\/users\/1"}],"replies":[{"embeddable":true,"href":"https:\/\/madrugadaturismorural.com\/es\/wp-json\/wp\/v2\/comments?post=1035"}],"version-history":[{"count":0,"href":"https:\/\/madrugadaturismorural.com\/es\/wp-json\/wp\/v2\/pages\/1035\/revisions"}],"wp:attachment":[{"href":"https:\/\/madrugadaturismorural.com\/es\/wp-json\/wp\/v2\/media?parent=1035"}],"curies":[{"name":"wp","href":"https:\/\/api.w.org\/{rel}","templated":true}]}}